{"id":1208,"date":"2024-05-19T10:29:41","date_gmt":"2024-05-19T10:29:41","guid":{"rendered":"https:\/\/carbontheory.ma\/?post_type=product&#038;p=1208"},"modified":"2024-05-24T13:53:39","modified_gmt":"2024-05-24T13:53:39","slug":"anti-breakout-facial-cleansing-bar","status":"publish","type":"product","link":"https:\/\/carbontheory.ma\/index.php\/product\/anti-breakout-facial-cleansing-bar\/","title":{"rendered":"Anti-Breakout Facial Cleansing Bar"},"content":{"rendered":"<div class=\"body-m text-grey mt-[24px] [&amp;_strong]:!text-dark\">\n<p>Il a \u00e9t\u00e9 prouv\u00e9 dermatologiquement que notre barre nettoyante pour le visage au charbon de bois et \u00e0 l&rsquo;huile d&rsquo;arbre \u00e0 th\u00e9, prim\u00e9e Allure Best of Beauty 2020, pr\u00e9vient les \u00e9ruptions cutan\u00e9es. Cette formulation v\u00e9g\u00e9talienne et sans cruaut\u00e9 gardera votre peau claire, \u00e9quilibr\u00e9e et hydrat\u00e9e.<\/p>\n<p>Disponible dans un emballage de voyage refermable ou dans un emballage de recharge en papier recyclable.<\/p>\n<p><strong>COMMENT \u00c7A MARCHE<\/strong><\/p>\n<p>Le charbon actif biologique \u00e9limine en douceur les bact\u00e9ries, les toxines et l&rsquo;exc\u00e8s de s\u00e9bum. L&rsquo;huile d&rsquo;arbre \u00e0 th\u00e9 biologique r\u00e9duit l&rsquo;inflammation et agit comme un antiseptique naturel. Le beurre de karit\u00e9 garde la peau nourrie et hydrat\u00e9e sans obstruer les pores.<\/p>\n<\/div>\n<div class=\"mt-[24px] smw:mt-[32px] pb-[24px] smw:pb-[32px]\">\n<h3 class=\"body-l font-medium\">Bon \u00e0 savoir:<\/h3>\n<div class=\"mt-[24px] grid grid-cols-2 gap-y-[24px] gap-x-[12px] smw:gap-y-[24px]\">\n<ul>\n<li class=\"flex items-center gap-x-[8px] upper-m\">PR\u00c9VIENT LES \u00c9RUPTIONS CUTAN\u00c9ES<\/li>\n<li class=\"flex items-center gap-x-[8px] upper-m\">HYDRATE LA PEAU<\/li>\n<li class=\"flex items-center gap-x-[8px] upper-m\">R\u00c9DUIT L&rsquo;INFLAMMATION<\/li>\n<li class=\"flex items-center gap-x-[8px] upper-m\">TOUS TYPES DE PEAU<\/li>\n<li class=\"flex items-center gap-x-[8px] upper-m\">V\u00c9G\u00c9TALIEN<\/li>\n<li class=\"flex items-center gap-x-[8px] upper-m\">SANS CRUAUT\u00c9<\/li>\n<\/ul>\n<\/div>\n<\/div>\n","protected":false},"excerpt":{"rendered":"<p>Il a \u00e9t\u00e9 prouv\u00e9 dermatologiquement que notre barre nettoyante pour le visage au charbon de bois et \u00e0 l&rsquo;huile d&rsquo;arbre \u00e0 th\u00e9, prim\u00e9e Allure Best of Beauty 2020, pr\u00e9vient les \u00e9ruptions cutan\u00e9es. Cette formulation v\u00e9g\u00e9talienne et sans cruaut\u00e9 gardera votre peau claire, \u00e9quilibr\u00e9e et hydrat\u00e9e.<\/p>\n","protected":false},"featured_media":2926,"comment_status":"open","ping_status":"closed","template":"","meta":{"_acf_changed":false},"product_brand":[],"product_cat":[104,68,69],"product_tag":[],"class_list":{"0":"post-1208","1":"product","2":"type-product","3":"status-publish","4":"has-post-thumbnail","6":"product_cat-boutique","7":"product_cat-tous-types-de-peau","8":"product_cat-traitement-de-lacnee","9":"latest_post","11":"first","12":"instock","13":"shipping-taxable","14":"product-type-simple","15":"add-to-wishlist-after_add_to_cart"},"acf":[],"_links":{"self":[{"href":"https:\/\/carbontheory.ma\/index.php\/wp-json\/wp\/v2\/product\/1208","targetHints":{"allow":["GET"]}}],"collection":[{"href":"https:\/\/carbontheory.ma\/index.php\/wp-json\/wp\/v2\/product"}],"about":[{"href":"https:\/\/carbontheory.ma\/index.php\/wp-json\/wp\/v2\/types\/product"}],"replies":[{"embeddable":true,"href":"https:\/\/carbontheory.ma\/index.php\/wp-json\/wp\/v2\/comments?post=1208"}],"version-history":[{"count":0,"href":"https:\/\/carbontheory.ma\/index.php\/wp-json\/wp\/v2\/product\/1208\/revisions"}],"wp:featuredmedia":[{"embeddable":true,"href":"https:\/\/carbontheory.ma\/index.php\/wp-json\/wp\/v2\/media\/2926"}],"wp:attachment":[{"href":"https:\/\/carbontheory.ma\/index.php\/wp-json\/wp\/v2\/media?parent=1208"}],"wp:term":[{"taxonomy":"product_brand","embeddable":true,"href":"https:\/\/carbontheory.ma\/index.php\/wp-json\/wp\/v2\/product_brand?post=1208"},{"taxonomy":"product_cat","embeddable":true,"href":"https:\/\/carbontheory.ma\/index.php\/wp-json\/wp\/v2\/product_cat?post=1208"},{"taxonomy":"product_tag","embeddable":true,"href":"https:\/\/carbontheory.ma\/index.php\/wp-json\/wp\/v2\/product_tag?post=1208"}],"curies":[{"name":"wp","href":"https:\/\/api.w.org\/{rel}","templated":true}]}}