{"id":1542,"date":"2024-05-19T12:47:33","date_gmt":"2024-05-19T12:47:33","guid":{"rendered":"https:\/\/carbontheory.ma\/index.php\/product\/anti-breakout-exfoliating-body-bar\/"},"modified":"2024-05-24T13:53:37","modified_gmt":"2024-05-24T13:53:37","slug":"anti-breakout-exfoliating-body-bar","status":"publish","type":"product","link":"https:\/\/carbontheory.ma\/index.php\/product\/anti-breakout-exfoliating-body-bar\/","title":{"rendered":"Anti-Breakout Exfoliating Body Bar"},"content":{"rendered":"<div class=\"body-m text-grey mt-[24px] [&amp;_strong]:!text-dark\">\n<p>Il est prouv\u00e9 dermatologiquement que notre barre exfoliante pour le corps au charbon et \u00e0 l&rsquo;huile d&rsquo;arbre \u00e0 th\u00e9 \u00e9limine les cellules mortes de la peau et \u00e9limine les \u00e9ruptions cutan\u00e9es sur les \u00e9paules, le dos et le corps.<\/p>\n<p><strong>COMMENT \u00c7A MARCHE<\/strong><\/p>\n<p>Le charbon actif biologique \u00e9limine en douceur les bact\u00e9ries, les toxines et l&rsquo;exc\u00e8s de s\u00e9bum. L&rsquo;huile d&rsquo;arbre \u00e0 th\u00e9 biologique r\u00e9duit l&rsquo;inflammation et agit comme un antiseptique naturel. Le beurre de karit\u00e9 garde la peau nourrie et hydrat\u00e9e sans obstruer les pores.<br \/>\nLa cellulose \u2013 riche en vitamine E \u2013 exfolie naturellement la peau.<\/p>\n<\/div>\n<div class=\"mt-[24px] smw:mt-[32px] pb-[24px] smw:pb-[32px]\">\n<h3 class=\"body-l font-medium\">Bon \u00e0 savoir:<\/h3>\n<div class=\"mt-[24px] grid grid-cols-2 gap-y-[24px] gap-x-[12px] smw:gap-y-[24px]\">\n<ul>\n<li class=\"flex items-center gap-x-[8px] upper-m\">PR\u00c9VIENT LES \u00c9RUPTIONS CUTAN\u00c9ES, HYDRATE LA PEAU<\/li>\n<li class=\"flex items-center gap-x-[8px] upper-m\">EXFOLIE EN DOUCEUR<\/li>\n<li class=\"flex items-center gap-x-[8px] upper-m\">R\u00c9DUIT L&rsquo;INFLAMMATION<\/li>\n<li class=\"flex items-center gap-x-[8px] upper-m\">V\u00c9G\u00c9TALIEN<\/li>\n<li class=\"flex items-center gap-x-[8px] upper-m\">SANS CRUAUT\u00c9<\/li>\n<li class=\"flex items-center gap-x-[8px] upper-m\">TOUS TYPES DE PEAU<\/li>\n<\/ul>\n<\/div>\n<\/div>\n","protected":false},"excerpt":{"rendered":"<p>Il est prouv\u00e9 dermatologiquement que notre barre exfoliante pour le corps au charbon et \u00e0 l&rsquo;huile d&rsquo;arbre \u00e0 th\u00e9 \u00e9limine les cellules mortes de la peau et \u00e9limine les \u00e9ruptions cutan\u00e9es sur les \u00e9paules, le dos et le corps.<\/p>\n","protected":false},"featured_media":2144,"comment_status":"open","ping_status":"closed","template":"","meta":{"_acf_changed":false},"product_brand":[],"product_cat":[104,68],"product_tag":[268,97,91,180,98,164,92,93,94,87,267,88,184,218,174,106,85,219],"class_list":{"0":"post-1542","1":"product","2":"type-product","3":"status-publish","4":"has-post-thumbnail","6":"product_cat-boutique","7":"product_cat-tous-types-de-peau","8":"product_tag-acetate-de-tocopheryle","9":"product_tag-acide-citrique","10":"product_tag-beurre-de-butyrospermum-parkii-karite","11":"product_tag-cellulose-microcristalline","12":"product_tag-chlorure-de-sodium","13":"product_tag-ci-73360-rouge-30","14":"product_tag-ci-77891-dioxyde-de-titane","15":"product_tag-citrate-de-sodium","16":"product_tag-diacetate-de-glutamate-tetrasodique","17":"product_tag-eau-eau","18":"product_tag-eau","19":"product_tag-glycerine","20":"product_tag-huile-de-feuille-de-melaleuca-alternifolia-arbre-a-the","21":"product_tag-hydroxypropylmethylcellulose","22":"product_tag-mannitol","23":"product_tag-noyau-de-palmiste-de-sodium","24":"product_tag-palmate-de-sodium","25":"product_tag-poudre-de-charbon-de-bois","26":"latest_post","28":"first","29":"instock","30":"shipping-taxable","31":"product-type-simple","32":"add-to-wishlist-after_add_to_cart"},"acf":[],"_links":{"self":[{"href":"https:\/\/carbontheory.ma\/index.php\/wp-json\/wp\/v2\/product\/1542","targetHints":{"allow":["GET"]}}],"collection":[{"href":"https:\/\/carbontheory.ma\/index.php\/wp-json\/wp\/v2\/product"}],"about":[{"href":"https:\/\/carbontheory.ma\/index.php\/wp-json\/wp\/v2\/types\/product"}],"replies":[{"embeddable":true,"href":"https:\/\/carbontheory.ma\/index.php\/wp-json\/wp\/v2\/comments?post=1542"}],"version-history":[{"count":0,"href":"https:\/\/carbontheory.ma\/index.php\/wp-json\/wp\/v2\/product\/1542\/revisions"}],"wp:featuredmedia":[{"embeddable":true,"href":"https:\/\/carbontheory.ma\/index.php\/wp-json\/wp\/v2\/media\/2144"}],"wp:attachment":[{"href":"https:\/\/carbontheory.ma\/index.php\/wp-json\/wp\/v2\/media?parent=1542"}],"wp:term":[{"taxonomy":"product_brand","embeddable":true,"href":"https:\/\/carbontheory.ma\/index.php\/wp-json\/wp\/v2\/product_brand?post=1542"},{"taxonomy":"product_cat","embeddable":true,"href":"https:\/\/carbontheory.ma\/index.php\/wp-json\/wp\/v2\/product_cat?post=1542"},{"taxonomy":"product_tag","embeddable":true,"href":"https:\/\/carbontheory.ma\/index.php\/wp-json\/wp\/v2\/product_tag?post=1542"}],"curies":[{"name":"wp","href":"https:\/\/api.w.org\/{rel}","templated":true}]}}