{"id":1543,"date":"2024-05-19T12:47:33","date_gmt":"2024-05-19T12:47:33","guid":{"rendered":"https:\/\/carbontheory.ma\/index.php\/product\/anti-breakout-facial-cleansing-gel\/"},"modified":"2024-05-24T13:53:41","modified_gmt":"2024-05-24T13:53:41","slug":"anti-breakout-facial-cleansing-gel","status":"publish","type":"product","link":"https:\/\/carbontheory.ma\/index.php\/product\/anti-breakout-facial-cleansing-gel\/","title":{"rendered":"Anti-Breakout Facial Cleansing Gel"},"content":{"rendered":"<div class=\"body-m text-grey mt-[24px] [&amp;_strong]:!text-dark\">\n<p>La performance \u00e9prouv\u00e9e de notre barre nettoyante prim\u00e9e Breakout Control est d\u00e9sormais disponible dans notre nettoyant nettoyant pour le visage au charbon de bois et \u00e0 l&rsquo;huile d&rsquo;arbre \u00e0 th\u00e9. Maintenant sous une forme l\u00e9g\u00e8rement plus petite (150 ml)<\/p>\n<p>Formul\u00e9 avec des ingr\u00e9dients actifs naturels, notre nettoyant nettoyant v\u00e9g\u00e9talien et sans cruaut\u00e9 d\u00e9toxifie, absorbe les impuret\u00e9s de votre peau et il est dermatologiquement prouv\u00e9 qu&rsquo;il pr\u00e9vient les \u00e9ruptions cutan\u00e9es et garde votre peau claire, \u00e9quilibr\u00e9e et hydrat\u00e9e.<\/p>\n<p><strong>COMMENT \u00c7A MARCHE<\/strong><\/p>\n<p>Le charbon actif biologique \u00e9limine en douceur les bact\u00e9ries, les toxines et l&rsquo;exc\u00e8s de s\u00e9bum.<br \/>\nL&rsquo;huile d&rsquo;arbre \u00e0 th\u00e9 biologique r\u00e9duit l&rsquo;inflammation et agit comme un antiseptique naturel.<br \/>\nLe beurre de karit\u00e9 garde la peau nourrie et hydrat\u00e9e sans obstruer les pores.<\/p>\n<\/div>\n<div class=\"mt-[24px] smw:mt-[32px] pb-[24px] smw:pb-[32px]\">\n<h3 class=\"body-l font-medium\">Bon \u00e0 savoir:<\/h3>\n<div class=\"mt-[24px] grid grid-cols-2 gap-y-[24px] gap-x-[12px] smw:gap-y-[24px]\">\n<ul>\n<li class=\"flex items-center gap-x-[8px] upper-m\">NETTOYAGE EN PROFONDEUR<\/li>\n<li class=\"flex items-center gap-x-[8px] upper-m\">PR\u00c9VIENT LES \u00c9RUPTIONS CUTAN\u00c9ES<\/li>\n<li class=\"flex items-center gap-x-[8px] upper-m\">HYDRATE LA PEAU<\/li>\n<li class=\"flex items-center gap-x-[8px] upper-m\">R\u00c9DUIT L&rsquo;INFLAMMATION<\/li>\n<li class=\"flex items-center gap-x-[8px] upper-m\">V\u00c9G\u00c9TALIEN ET SANS CRUAUT\u00c9<\/li>\n<li class=\"flex items-center gap-x-[8px] upper-m\">TOUS TYPES DE PEAU<\/li>\n<\/ul>\n<\/div>\n<\/div>\n","protected":false},"excerpt":{"rendered":"<p>La performance \u00e9prouv\u00e9e de notre barre nettoyante prim\u00e9e Breakout Control est d\u00e9sormais disponible dans notre nettoyant nettoyant pour le visage au charbon de bois et \u00e0 l&rsquo;huile d&rsquo;arbre \u00e0 th\u00e9. Maintenant sous une forme l\u00e9g\u00e8rement plus petite (150 ml)<\/p>\n","protected":false},"featured_media":2151,"comment_status":"open","ping_status":"closed","template":"","meta":{"_acf_changed":false},"product_brand":[],"product_cat":[104,68,69],"product_tag":[157,266,172,115,265,264,131,88,184,160,152,89,187,263,213,219],"class_list":{"0":"post-1543","1":"product","2":"type-product","3":"status-publish","4":"has-post-thumbnail","6":"product_cat-boutique","7":"product_cat-tous-types-de-peau","8":"product_cat-traitement-de-lacnee","9":"product_tag-acide-salicylique","10":"product_tag-acide-sorbique","11":"product_tag-alcool-benzylique","12":"product_tag-aqua-eau","13":"product_tag-beurre-de-karite-glycereth-8-esters","14":"product_tag-carbomere","15":"product_tag-decyl-glucoside","16":"product_tag-glycerine","17":"product_tag-huile-de-feuille-de-melaleuca-alternifolia-arbre-a-the","18":"product_tag-hydroxyde-de-sodium","19":"product_tag-lauryl-glucoside","20":"product_tag-limonene","21":"product_tag-phytate-de-sodium","22":"product_tag-polyglyceryl-4-caprate","23":"product_tag-polysorbate-20","24":"product_tag-poudre-de-charbon-de-bois","25":"latest_post","27":"first","28":"instock","29":"shipping-taxable","30":"product-type-simple","31":"add-to-wishlist-after_add_to_cart"},"acf":[],"_links":{"self":[{"href":"https:\/\/carbontheory.ma\/index.php\/wp-json\/wp\/v2\/product\/1543","targetHints":{"allow":["GET"]}}],"collection":[{"href":"https:\/\/carbontheory.ma\/index.php\/wp-json\/wp\/v2\/product"}],"about":[{"href":"https:\/\/carbontheory.ma\/index.php\/wp-json\/wp\/v2\/types\/product"}],"replies":[{"embeddable":true,"href":"https:\/\/carbontheory.ma\/index.php\/wp-json\/wp\/v2\/comments?post=1543"}],"version-history":[{"count":0,"href":"https:\/\/carbontheory.ma\/index.php\/wp-json\/wp\/v2\/product\/1543\/revisions"}],"wp:featuredmedia":[{"embeddable":true,"href":"https:\/\/carbontheory.ma\/index.php\/wp-json\/wp\/v2\/media\/2151"}],"wp:attachment":[{"href":"https:\/\/carbontheory.ma\/index.php\/wp-json\/wp\/v2\/media?parent=1543"}],"wp:term":[{"taxonomy":"product_brand","embeddable":true,"href":"https:\/\/carbontheory.ma\/index.php\/wp-json\/wp\/v2\/product_brand?post=1543"},{"taxonomy":"product_cat","embeddable":true,"href":"https:\/\/carbontheory.ma\/index.php\/wp-json\/wp\/v2\/product_cat?post=1543"},{"taxonomy":"product_tag","embeddable":true,"href":"https:\/\/carbontheory.ma\/index.php\/wp-json\/wp\/v2\/product_tag?post=1543"}],"curies":[{"name":"wp","href":"https:\/\/api.w.org\/{rel}","templated":true}]}}