{"id":1544,"date":"2024-05-19T12:47:34","date_gmt":"2024-05-19T12:47:34","guid":{"rendered":"https:\/\/carbontheory.ma\/index.php\/product\/anti-breakout-spot-paste\/"},"modified":"2024-05-24T13:53:47","modified_gmt":"2024-05-24T13:53:47","slug":"anti-breakout-spot-paste","status":"publish","type":"product","link":"https:\/\/carbontheory.ma\/index.php\/product\/anti-breakout-spot-paste\/","title":{"rendered":"Anti-Breakout Spot Paste"},"content":{"rendered":"<div class=\"body-m text-grey mt-[24px] [&amp;_strong]:!text-dark\">\n<p>Notre p\u00e2te localis\u00e9e \u00e0 l&rsquo;huile d&rsquo;arbre \u00e0 th\u00e9 et \u00e0 la vitamine A est un traitement intensif et direct sur place qui \u00e9limine les taches et r\u00e9duit les rougeurs. V\u00e9g\u00e9talienne et sans cruaut\u00e9 envers les animaux avec de l&rsquo;argent antimicrobien, notre formule compte plus de 50 applications dans un seul pot et, contrairement aux patchs anti-imperfections, vous n&rsquo;ajouterez aucun plastique ind\u00e9sirable dans l&rsquo;environnement.<\/p>\n<p><strong>COMMENT \u00c7A MARCHE<\/strong><\/p>\n<p>La vitamine A aide \u00e0 acc\u00e9l\u00e9rer le processus de gu\u00e9rison et \u00e0 unifier le teint. L&rsquo;oxyde de zinc r\u00e9duit l&rsquo;inflammation, facilite la cicatrisation et \u00e9quilibre toute pigmentation. L&rsquo;argent est un \u00e9l\u00e9ment antimicrobien qui peut aider \u00e0 tuer les bact\u00e9ries responsables de l&rsquo;acn\u00e9.<br \/>\nL&rsquo;huile d&rsquo;arbre \u00e0 th\u00e9 biologique r\u00e9duit l&rsquo;inflammation et agit comme un antiseptique naturel.<\/p>\n<\/div>\n<div class=\"mt-[24px] smw:mt-[32px] pb-[24px] smw:pb-[32px]\">\n<h3 class=\"body-l font-medium\">Bon \u00e0 savoir:<\/h3>\n<div class=\"mt-[24px] grid grid-cols-2 gap-y-[24px] gap-x-[12px] smw:gap-y-[24px]\">\n<ul>\n<li class=\"flex items-center gap-x-[8px] upper-m\">ACTION RAPIDE<\/li>\n<li class=\"flex items-center gap-x-[8px] upper-m\">R\u00c9DUIT L&rsquo;INFLAMMATION<\/li>\n<li class=\"flex items-center gap-x-[8px] upper-m\">UNIFIE LE TEINT<\/li>\n<li class=\"flex items-center gap-x-[8px] upper-m\">PLUS DE 50 APPLICATIONS DANS UN SEUL POT<\/li>\n<li class=\"flex items-center gap-x-[8px] upper-m\">V\u00c9G\u00c9TALIEN<\/li>\n<li class=\"flex items-center gap-x-[8px] upper-m\">SANS CRUAUT\u00c9<\/li>\n<li class=\"flex items-center gap-x-[8px] upper-m\">TOUS TYPES DE PEAU<\/li>\n<\/ul>\n<\/div>\n<\/div>\n","protected":false},"excerpt":{"rendered":"<p>Notre p\u00e2te localis\u00e9e \u00e0 l&rsquo;huile d&rsquo;arbre \u00e0 th\u00e9 et \u00e0 la vitamine A est un traitement intensif et direct sur place qui \u00e9limine les taches et r\u00e9duit les rougeurs. V\u00e9g\u00e9talienne et sans cruaut\u00e9 envers les animaux avec de l&rsquo;argent antimicrobien, notre formule compte plus de 50 applications dans un seul pot et, contrairement aux patchs anti-imperfections, vous n&rsquo;ajouterez aucun plastique ind\u00e9sirable dans l&rsquo;environnement.<\/p>\n","protected":false},"featured_media":2158,"comment_status":"open","ping_status":"closed","template":"","meta":{"_acf_changed":false},"product_brand":[],"product_cat":[104,68,69],"product_tag":[115,262,260,136,184,89,261,130,213,154,224],"class_list":{"0":"post-1544","1":"product","2":"type-product","3":"status-publish","4":"has-post-thumbnail","6":"product_cat-boutique","7":"product_cat-tous-types-de-peau","8":"product_cat-traitement-de-lacnee","9":"product_tag-aqua-eau","10":"product_tag-ci-77820-argent","11":"product_tag-ci-77947-oxyde-de-zinc","12":"product_tag-ethylhexylglycerine","13":"product_tag-huile-de-feuille-de-melaleuca-alternifolia-arbre-a-the","14":"product_tag-limonene","15":"product_tag-palmitate-de-retinyle","16":"product_tag-phenoxyethanol","17":"product_tag-polysorbate-20","18":"product_tag-propanediol","19":"product_tag-tocopherol","20":"latest_post","22":"first","23":"instock","24":"shipping-taxable","25":"product-type-simple","26":"add-to-wishlist-after_add_to_cart"},"acf":[],"_links":{"self":[{"href":"https:\/\/carbontheory.ma\/index.php\/wp-json\/wp\/v2\/product\/1544","targetHints":{"allow":["GET"]}}],"collection":[{"href":"https:\/\/carbontheory.ma\/index.php\/wp-json\/wp\/v2\/product"}],"about":[{"href":"https:\/\/carbontheory.ma\/index.php\/wp-json\/wp\/v2\/types\/product"}],"replies":[{"embeddable":true,"href":"https:\/\/carbontheory.ma\/index.php\/wp-json\/wp\/v2\/comments?post=1544"}],"version-history":[{"count":0,"href":"https:\/\/carbontheory.ma\/index.php\/wp-json\/wp\/v2\/product\/1544\/revisions"}],"wp:featuredmedia":[{"embeddable":true,"href":"https:\/\/carbontheory.ma\/index.php\/wp-json\/wp\/v2\/media\/2158"}],"wp:attachment":[{"href":"https:\/\/carbontheory.ma\/index.php\/wp-json\/wp\/v2\/media?parent=1544"}],"wp:term":[{"taxonomy":"product_brand","embeddable":true,"href":"https:\/\/carbontheory.ma\/index.php\/wp-json\/wp\/v2\/product_brand?post=1544"},{"taxonomy":"product_cat","embeddable":true,"href":"https:\/\/carbontheory.ma\/index.php\/wp-json\/wp\/v2\/product_cat?post=1544"},{"taxonomy":"product_tag","embeddable":true,"href":"https:\/\/carbontheory.ma\/index.php\/wp-json\/wp\/v2\/product_tag?post=1544"}],"curies":[{"name":"wp","href":"https:\/\/api.w.org\/{rel}","templated":true}]}}