{"id":1546,"date":"2024-05-19T12:47:34","date_gmt":"2024-05-19T12:47:34","guid":{"rendered":"https:\/\/carbontheory.ma\/index.php\/product\/breakouts-acne-box-set\/"},"modified":"2024-05-24T13:53:57","modified_gmt":"2024-05-24T13:53:57","slug":"breakouts-acne-box-set","status":"publish","type":"product","link":"https:\/\/carbontheory.ma\/index.php\/product\/breakouts-acne-box-set\/","title":{"rendered":"Breakouts &#038; Acne Box Set"},"content":{"rendered":"<div class=\"body-m text-grey mt-[24px] [&amp;_strong]:!text-dark\">\n<p>Notre coffret \u00c9ruptions cutan\u00e9es et acn\u00e9 contient tout ce dont vous avez besoin pour un nettoyage en profondeur tout en \u00e9loignant les \u00e9ruptions cutan\u00e9es et l&rsquo;acn\u00e9.<\/p>\n<p><strong>CE QUI EST INCLUS<\/strong><\/p>\n<p>Barre nettoyante pour le visage Breakout Control\u00a0: pr\u00e9vient les \u00e9ruptions cutan\u00e9es et maintient la peau claire, \u00e9quilibr\u00e9e et hydrat\u00e9e.<\/p>\n<p>Tonique purifiant pour le visage Breakout Control : r\u00e9duit les pores et nettoie en profondeur pour minimiser la brillance et garder votre teint clair.<\/p>\n<p>Cr\u00e8me hydratante pour le visage Breakout Control : offre une protection contre les \u00e9ruptions cutan\u00e9es tout en gardant la peau nourrie et hydrat\u00e9e.<\/p>\n<p>Masque de boue min\u00e9rale Breakout Control : nourrit et d\u00e9toxifie la peau en profondeur via un traitement r\u00e9parateur et anti-acn\u00e9 intensif.<\/p>\n<\/div>\n<div class=\"mt-[24px] smw:mt-[32px] pb-[24px] smw:pb-[32px]\">\n<h3 class=\"body-l font-medium\">Bon \u00e0 savoir:<\/h3>\n<div class=\"mt-[24px] grid grid-cols-2 gap-y-[24px] gap-x-[12px] smw:gap-y-[24px]\">\n<ul>\n<li class=\"flex items-center gap-x-[8px] upper-m\">PR\u00c9VIENT LES \u00c9RUPTIONS CUTAN\u00c9ES<\/li>\n<li class=\"flex items-center gap-x-[8px] upper-m\">HYDRATE LA PEAU<\/li>\n<li class=\"flex items-center gap-x-[8px] upper-m\">MINIMISE LES PORES<\/li>\n<li class=\"flex items-center gap-x-[8px] upper-m\">R\u00c9DUIT L&rsquo;INFLAMMATION<\/li>\n<li class=\"flex items-center gap-x-[8px] upper-m\">V\u00c9G\u00c9TALIEN<\/li>\n<li class=\"flex items-center gap-x-[8px] upper-m\">SANS CRUAUT\u00c9<\/li>\n<li class=\"flex items-center gap-x-[8px] upper-m\">TOUS TYPES DE PEAU<\/li>\n<\/ul>\n<\/div>\n<\/div>\n","protected":false},"excerpt":{"rendered":"<p>Notre coffret \u00c9ruptions cutan\u00e9es et acn\u00e9 contient tout ce dont vous avez besoin pour un nettoyage en profondeur tout en \u00e9loignant les \u00e9ruptions cutan\u00e9es et l&rsquo;acn\u00e9.<\/p>\n","protected":false},"featured_media":2173,"comment_status":"open","ping_status":"closed","template":"","meta":{"_acf_changed":false},"product_brand":[],"product_cat":[104,70,68,69],"product_tag":[],"class_list":{"0":"post-1546","1":"product","2":"type-product","3":"status-publish","4":"has-post-thumbnail","6":"product_cat-boutique","7":"product_cat-coffrets","8":"product_cat-tous-types-de-peau","9":"product_cat-traitement-de-lacnee","10":"latest_post","12":"first","13":"instock","14":"shipping-taxable","15":"product-type-simple","16":"add-to-wishlist-after_add_to_cart"},"acf":[],"_links":{"self":[{"href":"https:\/\/carbontheory.ma\/index.php\/wp-json\/wp\/v2\/product\/1546","targetHints":{"allow":["GET"]}}],"collection":[{"href":"https:\/\/carbontheory.ma\/index.php\/wp-json\/wp\/v2\/product"}],"about":[{"href":"https:\/\/carbontheory.ma\/index.php\/wp-json\/wp\/v2\/types\/product"}],"replies":[{"embeddable":true,"href":"https:\/\/carbontheory.ma\/index.php\/wp-json\/wp\/v2\/comments?post=1546"}],"version-history":[{"count":0,"href":"https:\/\/carbontheory.ma\/index.php\/wp-json\/wp\/v2\/product\/1546\/revisions"}],"wp:featuredmedia":[{"embeddable":true,"href":"https:\/\/carbontheory.ma\/index.php\/wp-json\/wp\/v2\/media\/2173"}],"wp:attachment":[{"href":"https:\/\/carbontheory.ma\/index.php\/wp-json\/wp\/v2\/media?parent=1546"}],"wp:term":[{"taxonomy":"product_brand","embeddable":true,"href":"https:\/\/carbontheory.ma\/index.php\/wp-json\/wp\/v2\/product_brand?post=1546"},{"taxonomy":"product_cat","embeddable":true,"href":"https:\/\/carbontheory.ma\/index.php\/wp-json\/wp\/v2\/product_cat?post=1546"},{"taxonomy":"product_tag","embeddable":true,"href":"https:\/\/carbontheory.ma\/index.php\/wp-json\/wp\/v2\/product_tag?post=1546"}],"curies":[{"name":"wp","href":"https:\/\/api.w.org\/{rel}","templated":true}]}}