{"id":1549,"date":"2024-05-19T12:47:35","date_gmt":"2024-05-19T12:47:35","guid":{"rendered":"https:\/\/carbontheory.ma\/index.php\/product\/cleansing-bar-salicylic-acid-bar\/"},"modified":"2024-05-24T13:54:01","modified_gmt":"2024-05-24T13:54:01","slug":"cleansing-bar-salicylic-acid-bar","status":"publish","type":"product","link":"https:\/\/carbontheory.ma\/index.php\/product\/cleansing-bar-salicylic-acid-bar\/","title":{"rendered":"Cleansing Bar &#038; Salicylic Acid Bar"},"content":{"rendered":"<div class=\"body-m text-grey mt-[24px] [&amp;_strong]:!text-dark\">\n<p>Notre ensemble de barres nettoyantes pour le visage Breakout Control et de barres nettoyantes exfoliantes \u00e0 l&rsquo;acide salicylique contiennent les deux barres nettoyantes pour le visage Carbon Theory. Utilisez la barre nettoyante pour le visage OG pour lutter contre les \u00e9ruptions cutan\u00e9es, puis passez \u00e0 la barre nettoyante exfoliante \u00e0 l&rsquo;acide salicylique pour garder votre peau exfoli\u00e9e et en parfait \u00e9tat.<\/p>\n<p><strong>CE QUI EST INCLUS<\/strong><\/p>\n<p>Barre nettoyante pour le visage Breakout Control : prouv\u00e9 dermatologiquement pour pr\u00e9venir les \u00e9ruptions cutan\u00e9es et garder votre peau claire, \u00e9quilibr\u00e9e et hydrat\u00e9e.<\/p>\n<p>Barre nettoyante exfoliante \u00e0 l&rsquo;acide salicylique : illumine et lisse la peau s\u00e8che et bossel\u00e9e, exfolie en douceur et hydrate en profondeur.<\/p>\n<\/div>\n<div class=\"mt-[24px] smw:mt-[32px] pb-[24px] smw:pb-[32px]\">\n<h3 class=\"body-l font-medium\">Bon \u00e0 savoir:<\/h3>\n<div class=\"mt-[24px] grid grid-cols-2 gap-y-[24px] gap-x-[12px] smw:gap-y-[24px]\">\n<ul>\n<li class=\"flex items-center gap-x-[8px] upper-m\">PR\u00c9VIENT LES \u00c9RUPTIONS CUTAN\u00c9ES<\/li>\n<li class=\"flex items-center gap-x-[8px] upper-m\">HYDRATE LA PEAU<\/li>\n<li class=\"flex items-center gap-x-[8px] upper-m\">R\u00c9DUIT L&rsquo;INFLAMMATION<\/li>\n<li class=\"flex items-center gap-x-[8px] upper-m\">V\u00c9G\u00c9TALIEN<\/li>\n<li class=\"flex items-center gap-x-[8px] upper-m\">SANS CRUAUT\u00c9<\/li>\n<li class=\"flex items-center gap-x-[8px] upper-m\">TOUS TYPES DE PEAU<\/li>\n<\/ul>\n<\/div>\n<\/div>\n","protected":false},"excerpt":{"rendered":"<p>Notre ensemble de barres nettoyantes pour le visage Breakout Control et de barres nettoyantes exfoliantes \u00e0 l&rsquo;acide salicylique contiennent les deux barres nettoyantes pour le visage Carbon Theory. Utilisez la barre nettoyante pour le visage OG pour lutter contre les \u00e9ruptions cutan\u00e9es, puis passez \u00e0 la barre nettoyante exfoliante \u00e0 l&rsquo;acide salicylique pour garder votre peau exfoli\u00e9e et en parfait \u00e9tat.<\/p>\n","protected":false},"featured_media":2186,"comment_status":"open","ping_status":"closed","template":"","meta":{"_acf_changed":false},"product_brand":[],"product_cat":[104,70,68],"product_tag":[],"class_list":{"0":"post-1549","1":"product","2":"type-product","3":"status-publish","4":"has-post-thumbnail","6":"product_cat-boutique","7":"product_cat-coffrets","8":"product_cat-tous-types-de-peau","9":"latest_post","11":"first","12":"instock","13":"shipping-taxable","14":"product-type-simple","15":"add-to-wishlist-after_add_to_cart"},"acf":[],"_links":{"self":[{"href":"https:\/\/carbontheory.ma\/index.php\/wp-json\/wp\/v2\/product\/1549","targetHints":{"allow":["GET"]}}],"collection":[{"href":"https:\/\/carbontheory.ma\/index.php\/wp-json\/wp\/v2\/product"}],"about":[{"href":"https:\/\/carbontheory.ma\/index.php\/wp-json\/wp\/v2\/types\/product"}],"replies":[{"embeddable":true,"href":"https:\/\/carbontheory.ma\/index.php\/wp-json\/wp\/v2\/comments?post=1549"}],"version-history":[{"count":0,"href":"https:\/\/carbontheory.ma\/index.php\/wp-json\/wp\/v2\/product\/1549\/revisions"}],"wp:featuredmedia":[{"embeddable":true,"href":"https:\/\/carbontheory.ma\/index.php\/wp-json\/wp\/v2\/media\/2186"}],"wp:attachment":[{"href":"https:\/\/carbontheory.ma\/index.php\/wp-json\/wp\/v2\/media?parent=1549"}],"wp:term":[{"taxonomy":"product_brand","embeddable":true,"href":"https:\/\/carbontheory.ma\/index.php\/wp-json\/wp\/v2\/product_brand?post=1549"},{"taxonomy":"product_cat","embeddable":true,"href":"https:\/\/carbontheory.ma\/index.php\/wp-json\/wp\/v2\/product_cat?post=1549"},{"taxonomy":"product_tag","embeddable":true,"href":"https:\/\/carbontheory.ma\/index.php\/wp-json\/wp\/v2\/product_tag?post=1549"}],"curies":[{"name":"wp","href":"https:\/\/api.w.org\/{rel}","templated":true}]}}