{"id":1551,"date":"2024-05-19T12:47:35","date_gmt":"2024-05-19T12:47:35","guid":{"rendered":"https:\/\/carbontheory.ma\/index.php\/product\/facial-purifying-tonic\/"},"modified":"2024-05-24T13:54:04","modified_gmt":"2024-05-24T13:54:04","slug":"facial-purifying-tonic","status":"publish","type":"product","link":"https:\/\/carbontheory.ma\/index.php\/product\/facial-purifying-tonic\/","title":{"rendered":"Facial Purifying Tonic"},"content":{"rendered":"<div class=\"body-m text-grey mt-[24px] [&amp;_strong]:!text-dark\">\n<p>Notre tonique purifiant pour le visage \u00e0 l&rsquo;huile d&rsquo;arbre \u00e0 th\u00e9 et \u00e0 l&rsquo;acide citrique est une formule nettoyante en profondeur et r\u00e9duisant les pores qui minimise la brillance et garde votre teint clair.<\/p>\n<p><strong>COMMENT \u00c7A MARCHE<\/strong><\/p>\n<p>L&rsquo;huile d&rsquo;arbre \u00e0 th\u00e9 biologique nettoie la peau, tue les bact\u00e9ries et r\u00e9duit les pores. L&rsquo;acide citrique de pamplemousse rose exfolie en douceur, tout en aidant \u00e0 favoriser le renouvellement cellulaire et \u00e0 contr\u00f4ler le s\u00e9bum.<\/p>\n<\/div>\n<div class=\"mt-[24px] smw:mt-[32px] pb-[24px] smw:pb-[32px]\">\n<h3 class=\"body-l font-medium\">Bon \u00e0 savoir:<\/h3>\n<div class=\"mt-[24px] grid grid-cols-2 gap-y-[24px] gap-x-[12px] smw:gap-y-[24px]\">\n<ul>\n<li class=\"flex items-center gap-x-[8px] upper-m\">EXFOLIE EN DOUCEUR<\/li>\n<li class=\"flex items-center gap-x-[8px] upper-m\">R\u00c9DUIT LA BRILLANCE<\/li>\n<li class=\"flex items-center gap-x-[8px] upper-m\">MINIMISE LES PORES<\/li>\n<li class=\"flex items-center gap-x-[8px] upper-m\">PR\u00c9VIENT LES \u00c9RUPTIONS CUTAN\u00c9ES<\/li>\n<li class=\"flex items-center gap-x-[8px] upper-m\">V\u00c9G\u00c9TALIEN<\/li>\n<li class=\"flex items-center gap-x-[8px] upper-m\">SANS CRUAUT\u00c9<\/li>\n<li class=\"flex items-center gap-x-[8px] upper-m\">TOUS TYPES DE PEAU<\/li>\n<\/ul>\n<\/div>\n<\/div>\n","protected":false},"excerpt":{"rendered":"<p>Notre tonique purifiant pour le visage \u00e0 l&rsquo;huile d&rsquo;arbre \u00e0 th\u00e9 et \u00e0 l&rsquo;acide citrique est une formule nettoyante en profondeur et r\u00e9duisant les pores qui minimise la brillance et garde votre teint clair.<\/p>\n","protected":false},"featured_media":2190,"comment_status":"open","ping_status":"closed","template":"","meta":{"_acf_changed":false},"product_brand":[],"product_cat":[104,68],"product_tag":[97,222,115,109,241,136,197,239,240,191,211,185,238,88,214,193,184,169,89,130,213,110,224],"class_list":{"0":"post-1551","1":"product","2":"type-product","3":"status-publish","4":"has-post-thumbnail","6":"product_cat-boutique","7":"product_cat-tous-types-de-peau","8":"product_tag-acide-citrique","9":"product_tag-acide-lactique","10":"product_tag-aqua-eau","11":"product_tag-benzoate-de-sodium","12":"product_tag-citrus-paradisi-pamplemousse-huile","13":"product_tag-ethylhexylglycerine","14":"product_tag-extrait-dacer-saccharum-erable-a-sucre","15":"product_tag-extrait-decorce-de-salix-alba-saule","16":"product_tag-extrait-de-feuille-de-spiraea-ulmaria-reine-des-pres","17":"product_tag-extrait-de-fruit-de-citrus-aurantium-dulcis-orange","18":"product_tag-extrait-de-fruit-de-vaccinium-myrtillus","19":"product_tag-extrait-de-saccharum-officinarum-canne-a-sucre","20":"product_tag-fruit-de-citrus-limon-citron-extrait","21":"product_tag-glycerine","22":"product_tag-heptyl-glucoside","23":"product_tag-huile-decorce-de-citrus-limon-citron","24":"product_tag-huile-de-feuille-de-melaleuca-alternifolia-arbre-a-the","25":"product_tag-lactate-de-sodium","26":"product_tag-limonene","27":"product_tag-phenoxyethanol","28":"product_tag-polysorbate-20","29":"product_tag-sorbate-de-potassium","30":"product_tag-tocopherol","31":"latest_post","33":"first","34":"instock","35":"shipping-taxable","36":"product-type-simple","37":"add-to-wishlist-after_add_to_cart"},"acf":[],"_links":{"self":[{"href":"https:\/\/carbontheory.ma\/index.php\/wp-json\/wp\/v2\/product\/1551","targetHints":{"allow":["GET"]}}],"collection":[{"href":"https:\/\/carbontheory.ma\/index.php\/wp-json\/wp\/v2\/product"}],"about":[{"href":"https:\/\/carbontheory.ma\/index.php\/wp-json\/wp\/v2\/types\/product"}],"replies":[{"embeddable":true,"href":"https:\/\/carbontheory.ma\/index.php\/wp-json\/wp\/v2\/comments?post=1551"}],"version-history":[{"count":0,"href":"https:\/\/carbontheory.ma\/index.php\/wp-json\/wp\/v2\/product\/1551\/revisions"}],"wp:featuredmedia":[{"embeddable":true,"href":"https:\/\/carbontheory.ma\/index.php\/wp-json\/wp\/v2\/media\/2190"}],"wp:attachment":[{"href":"https:\/\/carbontheory.ma\/index.php\/wp-json\/wp\/v2\/media?parent=1551"}],"wp:term":[{"taxonomy":"product_brand","embeddable":true,"href":"https:\/\/carbontheory.ma\/index.php\/wp-json\/wp\/v2\/product_brand?post=1551"},{"taxonomy":"product_cat","embeddable":true,"href":"https:\/\/carbontheory.ma\/index.php\/wp-json\/wp\/v2\/product_cat?post=1551"},{"taxonomy":"product_tag","embeddable":true,"href":"https:\/\/carbontheory.ma\/index.php\/wp-json\/wp\/v2\/product_tag?post=1551"}],"curies":[{"name":"wp","href":"https:\/\/api.w.org\/{rel}","templated":true}]}}