{"id":1554,"date":"2024-05-19T12:47:36","date_gmt":"2024-05-19T12:47:36","guid":{"rendered":"https:\/\/carbontheory.ma\/index.php\/product\/re-surfacing-day-serum\/"},"modified":"2024-05-24T13:54:10","modified_gmt":"2024-05-24T13:54:10","slug":"re-surfacing-day-serum","status":"publish","type":"product","link":"https:\/\/carbontheory.ma\/index.php\/product\/re-surfacing-day-serum\/","title":{"rendered":"Re-surfacing Day Serum"},"content":{"rendered":"<div class=\"body-m text-grey mt-[24px] [&amp;_strong]:!text-dark\">\n<p>Notre s\u00e9rum de jour resurfa\u00e7ant \u00e0 l&rsquo;acide succinique et \u00e0 la niacinamide offre un traitement exfoliant hydratant et doux qui pr\u00e9vient les \u00e9ruptions cutan\u00e9es et minimise l&rsquo;apparence des pores. Cette formulation v\u00e9g\u00e9talienne et sans cruaut\u00e9 envers les animaux comprend des particules de canneberge encapsul\u00e9es qui fondent dans la peau et sont riches en vitamine C et en antioxydants.<\/p>\n<p><strong>COMMENT \u00c7A MARCHE<\/strong><\/p>\n<p>Notre s\u00e9rum de jour resurfa\u00e7ant contient de l&rsquo;acide succinique, de la niacinamide, de l&rsquo;acide hyaluronique et de la canneberge encapsul\u00e9e. C&rsquo;est un traitement exfoliant hydratant et doux qui pr\u00e9vient les \u00e9ruptions cutan\u00e9es et minimise l&rsquo;apparence des pores.<\/p>\n<p>Nous vous recommandons de tester les patchs avant utilisation. Utilisez ensuite le s\u00e9rum une fois par jour. Pour votre routine matinale, terminez toujours par un \u00e9cran solaire.<\/p>\n<\/div>\n<div class=\"mt-[24px] smw:mt-[32px] pb-[24px] smw:pb-[32px]\">\n<h3 class=\"body-l font-medium\">Bon \u00e0 savoir:<\/h3>\n<div class=\"mt-[24px] grid grid-cols-2 gap-y-[24px] gap-x-[12px] smw:gap-y-[24px]\">\n<ul>\n<li class=\"flex items-center gap-x-[8px] upper-m\">HYDRATE LA PEAU<\/li>\n<li class=\"flex items-center gap-x-[8px] upper-m\">EXFOLIE LE TEINT EN DOUCEUR<\/li>\n<li class=\"flex items-center gap-x-[8px] upper-m\">PR\u00c9VIENT LES \u00c9RUPTIONS CUTAN\u00c9ES<\/li>\n<li class=\"flex items-center gap-x-[8px] upper-m\">MINIMISE L&rsquo;APPARENCE DES PORES<\/li>\n<li class=\"flex items-center gap-x-[8px] upper-m\">R\u00c9DUIT L&rsquo;INFLAMMATION<\/li>\n<li class=\"flex items-center gap-x-[8px] upper-m\">R\u00c9DUIT LES ROUGEURS<\/li>\n<li class=\"flex items-center gap-x-[8px] upper-m\">STIMULE LE RAJEUNISSEMENT NATUREL DE LA PEAU<\/li>\n<li class=\"flex items-center gap-x-[8px] upper-m\">V\u00c9G\u00c9TALIEN<\/li>\n<li class=\"flex items-center gap-x-[8px] upper-m\">SANS CRUAUT\u00c9<\/li>\n<li class=\"flex items-center gap-x-[8px] upper-m\">TOUS TYPES DE PEAU<\/li>\n<\/ul>\n<\/div>\n<\/div>\n","protected":false},"excerpt":{"rendered":"<p>Notre s\u00e9rum de jour resurfa\u00e7ant \u00e0 l&rsquo;acide succinique et \u00e0 la niacinamide offre un traitement exfoliant hydratant et doux qui pr\u00e9vient les \u00e9ruptions cutan\u00e9es et minimise l&rsquo;apparence des pores. Cette formulation v\u00e9g\u00e9talienne et sans cruaut\u00e9 envers les animaux comprend des particules de canneberge encapsul\u00e9es qui fondent dans la peau et sont riches en vitamine C et en antioxydants.<\/p>\n","protected":false},"featured_media":2204,"comment_status":"open","ping_status":"closed","template":"","meta":{"_acf_changed":false},"product_brand":[],"product_cat":[104,68],"product_tag":[97,157,168,172,124,175,115,109,186,180,188,176,189,210,208,170,232,197,204,191,216,233,200,206,185,209,171,88,177,181,183,194,167,202,132,205,160,195,173,169,199,89,101,174,231,196,163,190,182,207,187,230,198,154,110,129,179,203],"class_list":{"0":"post-1554","1":"product","2":"type-product","3":"status-publish","4":"has-post-thumbnail","6":"product_cat-boutique","7":"product_cat-tous-types-de-peau","8":"product_tag-acide-citrique","9":"product_tag-acide-salicylique","10":"product_tag-acide-succinique","11":"product_tag-alcool-benzylique","12":"product_tag-alcool-cetearylique","13":"product_tag-amidon-de-mais-modifie","14":"product_tag-aqua-eau","15":"product_tag-benzoate-de-sodium","16":"product_tag-bisabolol","17":"product_tag-cellulose-microcristalline","18":"product_tag-ceteareth-12","19":"product_tag-ceteareth-20","20":"product_tag-cetyle","21":"product_tag-ci-77491-oxydes-de-fer","22":"product_tag-citral","23":"product_tag-citrate-doleate-de-glyceryle","24":"product_tag-citrus-limon-huile-decorce-de-citron","25":"product_tag-extrait-dacer-saccharum-erable-a-sucre","26":"product_tag-extrait-de-fruit","27":"product_tag-extrait-de-fruit-de-citrus-aurantium-dulcis-orange","28":"product_tag-extrait-de-fruit-de-citrus-limon-citron","29":"product_tag-extrait-de-fruit-de-rubus-idaeus-framboise","30":"product_tag-extrait-de-punica-granatum-grenade","31":"product_tag-extrait-de-racine-de-zingiber-officinale-gingembre","32":"product_tag-extrait-de-saccharum-officinarum-canne-a-sucre","33":"product_tag-geraniol","34":"product_tag-gluconolactone","35":"product_tag-glycerine","36":"product_tag-gomme-dacacia-du-senegal","37":"product_tag-gomme-de-sclerote","38":"product_tag-gomme-de-xanthane","39":"product_tag-huile-de-citrus-paradisi-pamplemousse","40":"product_tag-huile-de-graines-de-carthamus-tinctorius-carthame","41":"product_tag-hyaluronate-de-sodium","42":"product_tag-hydroxyacetophenone","43":"product_tag-hydroxyde-de-magnesium","44":"product_tag-hydroxyde-de-sodium","45":"product_tag-hydroxypropyle","46":"product_tag-isononanoate-de-cetearyle","47":"product_tag-lactate-de-sodium","48":"product_tag-liaison-dalgine","49":"product_tag-limonene","50":"product_tag-linalol","51":"product_tag-mannitol","52":"product_tag-melaleuca-alternifolia-the-huile-de-feuille-darbre","53":"product_tag-methylcellulose","54":"product_tag-niacinamide","55":"product_tag-palmitate","56":"product_tag-peau-dextrait-de-fruit-de-vaccinium-myrtillus-myrtille","57":"product_tag-phosphate-tricalcique","58":"product_tag-phytate-de-sodium","59":"product_tag-poudre-decorce-de-citron-vert-citron","60":"product_tag-poudre-de-fruit-de-vaccinium-macrocarpon-canneberge","61":"product_tag-propanediol","62":"product_tag-sorbate-de-potassium","63":"product_tag-stearate-de-glyceryle","64":"product_tag-triglyceride-caprylique-caprique","65":"product_tag-vaccinium-macrocarpon-canneberge","66":"latest_post","68":"first","69":"instock","70":"shipping-taxable","71":"product-type-simple","72":"add-to-wishlist-after_add_to_cart"},"acf":[],"_links":{"self":[{"href":"https:\/\/carbontheory.ma\/index.php\/wp-json\/wp\/v2\/product\/1554","targetHints":{"allow":["GET"]}}],"collection":[{"href":"https:\/\/carbontheory.ma\/index.php\/wp-json\/wp\/v2\/product"}],"about":[{"href":"https:\/\/carbontheory.ma\/index.php\/wp-json\/wp\/v2\/types\/product"}],"replies":[{"embeddable":true,"href":"https:\/\/carbontheory.ma\/index.php\/wp-json\/wp\/v2\/comments?post=1554"}],"version-history":[{"count":0,"href":"https:\/\/carbontheory.ma\/index.php\/wp-json\/wp\/v2\/product\/1554\/revisions"}],"wp:featuredmedia":[{"embeddable":true,"href":"https:\/\/carbontheory.ma\/index.php\/wp-json\/wp\/v2\/media\/2204"}],"wp:attachment":[{"href":"https:\/\/carbontheory.ma\/index.php\/wp-json\/wp\/v2\/media?parent=1554"}],"wp:term":[{"taxonomy":"product_brand","embeddable":true,"href":"https:\/\/carbontheory.ma\/index.php\/wp-json\/wp\/v2\/product_brand?post=1554"},{"taxonomy":"product_cat","embeddable":true,"href":"https:\/\/carbontheory.ma\/index.php\/wp-json\/wp\/v2\/product_cat?post=1554"},{"taxonomy":"product_tag","embeddable":true,"href":"https:\/\/carbontheory.ma\/index.php\/wp-json\/wp\/v2\/product_tag?post=1554"}],"curies":[{"name":"wp","href":"https:\/\/api.w.org\/{rel}","templated":true}]}}