{"id":1557,"date":"2024-05-19T12:47:37","date_gmt":"2024-05-19T12:47:37","guid":{"rendered":"https:\/\/carbontheory.ma\/index.php\/product\/salicylic-acid-facial-cleansing-bar\/"},"modified":"2024-05-24T13:54:19","modified_gmt":"2024-05-24T13:54:19","slug":"salicylic-acid-facial-cleansing-bar","status":"publish","type":"product","link":"https:\/\/carbontheory.ma\/index.php\/product\/salicylic-acid-facial-cleansing-bar\/","title":{"rendered":"Salicylic Acid Facial Cleansing Bar"},"content":{"rendered":"<div class=\"body-m text-grey mt-[24px] [&amp;_strong]:!text-dark\">\n<p>Notre barre nettoyante exfoliante \u00e0 l\u2019acide salicylique est votre nouveau meilleur ami. C&rsquo;est nouveau, c&rsquo;est super efficace contre les boutons et c&rsquo;est en passe de devenir votre nouvel incontournable en mati\u00e8re de soin. Il nettoie, exfolie et hydrate votre peau, vous laissant sans taches et douce comme un b\u00e9b\u00e9.<\/p>\n<p>Contenant du beurre de karit\u00e9 et 1,8 % d&rsquo;acide salicylique (\u00e9galement connu sous le nom de BHA), il \u00e9claircit et lisse la peau s\u00e8che et bossel\u00e9e, exfolie en douceur et hydrate en profondeur.<\/p>\n<\/div>\n<div class=\"mt-[24px] smw:mt-[32px] pb-[24px] smw:pb-[32px]\">\n<h3 class=\"body-l font-medium\">Bon \u00e0 savoir:<\/h3>\n<div class=\"mt-[24px] grid grid-cols-2 gap-y-[24px] gap-x-[12px] smw:gap-y-[24px]\">\n<ul>\n<li class=\"flex items-center gap-x-[8px] upper-m\">\u00c9CLAIRCIT ET LISSE LA PEAU S\u00c8CHE<\/li>\n<li class=\"flex items-center gap-x-[8px] upper-m\">PROFOND\u00c9MENT HYDRATANT<\/li>\n<li class=\"flex items-center gap-x-[8px] upper-m\">EXFOLIANT EN DOUCEUR<\/li>\n<li class=\"flex items-center gap-x-[8px] upper-m\">1,8% D&rsquo;ACIDE SALICYLIQUE<\/li>\n<li class=\"flex items-center gap-x-[8px] upper-m\">SANS PARFUM<\/li>\n<li class=\"flex items-center gap-x-[8px] upper-m\">V\u00c9G\u00c9TALIEN ET SANS CRUAUT\u00c9<\/li>\n<li class=\"flex items-center gap-x-[8px] upper-m\">TOUS TYPES DE PEAU<\/li>\n<\/ul>\n<\/div>\n<\/div>\n","protected":false},"excerpt":{"rendered":"<p>Notre barre nettoyante exfoliante \u00e0 l\u2019acide salicylique est votre nouveau meilleur ami. C&rsquo;est nouveau, c&rsquo;est super efficace contre les boutons et c&rsquo;est en passe de devenir votre nouvel incontournable en mati\u00e8re de soin. Il nettoie, exfolie et hydrate votre peau, vous laissant sans taches et douce comme un b\u00e9b\u00e9.<\/p>\n","protected":false},"featured_media":2229,"comment_status":"open","ping_status":"closed","template":"","meta":{"_acf_changed":false},"product_brand":[],"product_cat":[104,68],"product_tag":[],"class_list":{"0":"post-1557","1":"product","2":"type-product","3":"status-publish","4":"has-post-thumbnail","6":"product_cat-boutique","7":"product_cat-tous-types-de-peau","8":"latest_post","10":"first","11":"instock","12":"shipping-taxable","13":"product-type-simple","14":"add-to-wishlist-after_add_to_cart"},"acf":[],"_links":{"self":[{"href":"https:\/\/carbontheory.ma\/index.php\/wp-json\/wp\/v2\/product\/1557","targetHints":{"allow":["GET"]}}],"collection":[{"href":"https:\/\/carbontheory.ma\/index.php\/wp-json\/wp\/v2\/product"}],"about":[{"href":"https:\/\/carbontheory.ma\/index.php\/wp-json\/wp\/v2\/types\/product"}],"replies":[{"embeddable":true,"href":"https:\/\/carbontheory.ma\/index.php\/wp-json\/wp\/v2\/comments?post=1557"}],"version-history":[{"count":0,"href":"https:\/\/carbontheory.ma\/index.php\/wp-json\/wp\/v2\/product\/1557\/revisions"}],"wp:featuredmedia":[{"embeddable":true,"href":"https:\/\/carbontheory.ma\/index.php\/wp-json\/wp\/v2\/media\/2229"}],"wp:attachment":[{"href":"https:\/\/carbontheory.ma\/index.php\/wp-json\/wp\/v2\/media?parent=1557"}],"wp:term":[{"taxonomy":"product_brand","embeddable":true,"href":"https:\/\/carbontheory.ma\/index.php\/wp-json\/wp\/v2\/product_brand?post=1557"},{"taxonomy":"product_cat","embeddable":true,"href":"https:\/\/carbontheory.ma\/index.php\/wp-json\/wp\/v2\/product_cat?post=1557"},{"taxonomy":"product_tag","embeddable":true,"href":"https:\/\/carbontheory.ma\/index.php\/wp-json\/wp\/v2\/product_tag?post=1557"}],"curies":[{"name":"wp","href":"https:\/\/api.w.org\/{rel}","templated":true}]}}